{"id":3289,"date":"2024-06-04T17:32:56","date_gmt":"2024-06-04T20:32:56","guid":{"rendered":"https:\/\/www.mielcorapi.com.ar\/?post_type=product&#038;p=3289"},"modified":"2025-09-23T14:22:40","modified_gmt":"2025-09-23T17:22:40","slug":"cera-de-abejas","status":"publish","type":"product","link":"https:\/\/mielloiseau.com.ar\/en\/product\/cera-de-abejas\/","title":{"rendered":"Beeswax"},"content":{"rendered":"<p>La Cera Virgen de Miel Loiseau es un producto natural de alta calidad, ideal para diversas aplicaciones. Producida por nuestras abejas en un entorno libre de qu\u00edmicos y siguiendo los principios de la permapicultura, esta cera es perfecta para la fabricaci\u00f3n de cosm\u00e9ticos, velas y artesan\u00edas. Su pureza y propiedades naturales la hacen altamente valorada para usos terap\u00e9uticos y decorativos. Descubre la versatilidad y beneficios de la cera virgen con la garant\u00eda de calidad de Miel Loiseau.<\/p>\n<p>&nbsp;<\/p>","protected":false},"excerpt":{"rendered":"<p>Cera Virgen 100% pura y natural. Ideal para cosm\u00e9tica, artesan\u00edas y m\u00e1s, con la calidad de Miel Loiseau.<\/p>\n<p>&nbsp;<\/p>","protected":false},"featured_media":3849,"comment_status":"open","ping_status":"closed","template":"","meta":{"ocean_post_layout":"","ocean_both_sidebars_style":"","ocean_both_sidebars_content_width":0,"ocean_both_sidebars_sidebars_width":0,"ocean_sidebar":"0","ocean_second_sidebar":"0","ocean_disable_margins":"enable","ocean_add_body_class":"","ocean_shortcode_before_top_bar":"","ocean_shortcode_after_top_bar":"","ocean_shortcode_before_header":"","ocean_shortcode_after_header":"","ocean_has_shortcode":"","ocean_shortcode_after_title":"","ocean_shortcode_before_footer_widgets":"","ocean_shortcode_after_footer_widgets":"","ocean_shortcode_before_footer_bottom":"","ocean_shortcode_after_footer_bottom":"","ocean_display_top_bar":"default","ocean_display_header":"default","ocean_header_style":"","ocean_center_header_left_menu":"0","ocean_custom_header_template":"0","ocean_custom_logo":0,"ocean_custom_retina_logo":0,"ocean_custom_logo_max_width":0,"ocean_custom_logo_tablet_max_width":0,"ocean_custom_logo_mobile_max_width":0,"ocean_custom_logo_max_height":0,"ocean_custom_logo_tablet_max_height":0,"ocean_custom_logo_mobile_max_height":0,"ocean_header_custom_menu":"0","ocean_menu_typo_font_family":"0","ocean_menu_typo_font_subset":"","ocean_menu_typo_font_size":0,"ocean_menu_typo_font_size_tablet":0,"ocean_menu_typo_font_size_mobile":0,"ocean_menu_typo_font_size_unit":"px","ocean_menu_typo_font_weight":"","ocean_menu_typo_font_weight_tablet":"","ocean_menu_typo_font_weight_mobile":"","ocean_menu_typo_transform":"","ocean_menu_typo_transform_tablet":"","ocean_menu_typo_transform_mobile":"","ocean_menu_typo_line_height":0,"ocean_menu_typo_line_height_tablet":0,"ocean_menu_typo_line_height_mobile":0,"ocean_menu_typo_line_height_unit":"","ocean_menu_typo_spacing":0,"ocean_menu_typo_spacing_tablet":0,"ocean_menu_typo_spacing_mobile":0,"ocean_menu_typo_spacing_unit":"","ocean_menu_link_color":"","ocean_menu_link_color_hover":"","ocean_menu_link_color_active":"","ocean_menu_link_background":"","ocean_menu_link_hover_background":"","ocean_menu_link_active_background":"","ocean_menu_social_links_bg":"","ocean_menu_social_hover_links_bg":"","ocean_menu_social_links_color":"","ocean_menu_social_hover_links_color":"","ocean_disable_title":"default","ocean_disable_heading":"default","ocean_post_title":"","ocean_post_subheading":"","ocean_post_title_style":"","ocean_post_title_background_color":"","ocean_post_title_background":0,"ocean_post_title_bg_image_position":"","ocean_post_title_bg_image_attachment":"","ocean_post_title_bg_image_repeat":"","ocean_post_title_bg_image_size":"","ocean_post_title_height":0,"ocean_post_title_bg_overlay":0.5,"ocean_post_title_bg_overlay_color":"","ocean_disable_breadcrumbs":"default","ocean_breadcrumbs_color":"","ocean_breadcrumbs_separator_color":"","ocean_breadcrumbs_links_color":"","ocean_breadcrumbs_links_hover_color":"","ocean_display_footer_widgets":"default","ocean_display_footer_bottom":"default","ocean_custom_footer_template":"0","_joinchat":[]},"product_brand":[],"product_cat":[81],"product_tag":[],"class_list":{"0":"post-3289","1":"product","2":"type-product","3":"status-publish","4":"has-post-thumbnail","6":"product_cat-cera-virgen","8":"entry","9":"has-media","11":"first","12":"instock","13":"taxable","14":"shipping-taxable","15":"purchasable","16":"product-type-simple","17":"has-product-nav","18":"col","19":"span_1_of_3","20":"owp-content-center","21":"owp-thumbs-layout-horizontal","22":"owp-btn-normal","23":"owp-tabs-layout-vertical","24":"has-no-thumbnails"},"yoast_head":"<!-- This site is optimized with the Yoast SEO plugin v25.9 - https:\/\/yoast.com\/wordpress\/plugins\/seo\/ -->\n<title>Cera de Abejas - Miel Loiseau<\/title>\n<meta name=\"description\" content=\"Cera Virgen: Producto 100% puro y natural, ideal para cosm\u00e9tica, velas y artesan\u00edas. Alta calidad garantizada por Miel Loiseau, sin qu\u00edmicos.\" \/>\n<meta name=\"robots\" content=\"index, follow, max-snippet:-1, max-image-preview:large, max-video-preview:-1\" \/>\n<link rel=\"canonical\" href=\"https:\/\/mielloiseau.com.ar\/en\/product\/cera-de-abejas\/\" \/>\n<meta property=\"og:locale\" content=\"en_GB\" \/>\n<meta property=\"og:type\" content=\"article\" \/>\n<meta property=\"og:title\" content=\"Cera de Abejas - Miel Loiseau\" \/>\n<meta property=\"og:description\" content=\"Cera Virgen: Producto 100% puro y natural, ideal para cosm\u00e9tica, velas y artesan\u00edas. Alta calidad garantizada por Miel Loiseau, sin qu\u00edmicos.\" \/>\n<meta property=\"og:url\" content=\"https:\/\/mielloiseau.com.ar\/en\/product\/cera-de-abejas\/\" \/>\n<meta property=\"og:site_name\" content=\"Miel Loiseau\" \/>\n<meta property=\"article:modified_time\" content=\"2025-09-23T17:22:40+00:00\" \/>\n<meta property=\"og:image\" content=\"https:\/\/mielloiseau.com.ar\/wp-content\/uploads\/2024\/06\/cera-de-abeja.jpg\" \/>\n\t<meta property=\"og:image:width\" content=\"1080\" \/>\n\t<meta property=\"og:image:height\" content=\"1080\" \/>\n\t<meta property=\"og:image:type\" content=\"image\/jpeg\" \/>\n<meta name=\"twitter:card\" content=\"summary_large_image\" \/>\n<meta name=\"twitter:label1\" content=\"Estimated reading time\" \/>\n\t<meta name=\"twitter:data1\" content=\"1 minute\" \/>\n<script type=\"application\/ld+json\" class=\"yoast-schema-graph\">{\"@context\":\"https:\/\/schema.org\",\"@graph\":[{\"@type\":\"WebPage\",\"@id\":\"https:\/\/mielloiseau.com.ar\/producto\/cera-de-abejas\/\",\"url\":\"https:\/\/mielloiseau.com.ar\/producto\/cera-de-abejas\/\",\"name\":\"Cera de Abejas - Miel Loiseau\",\"isPartOf\":{\"@id\":\"https:\/\/mielloiseau.com.ar\/#website\"},\"primaryImageOfPage\":{\"@id\":\"https:\/\/mielloiseau.com.ar\/producto\/cera-de-abejas\/#primaryimage\"},\"image\":{\"@id\":\"https:\/\/mielloiseau.com.ar\/producto\/cera-de-abejas\/#primaryimage\"},\"thumbnailUrl\":\"https:\/\/mielloiseau.com.ar\/wp-content\/uploads\/2024\/06\/cera-de-abeja.jpg\",\"datePublished\":\"2024-06-04T20:32:56+00:00\",\"dateModified\":\"2025-09-23T17:22:40+00:00\",\"description\":\"Cera Virgen: Producto 100% puro y natural, ideal para cosm\u00e9tica, velas y artesan\u00edas. Alta calidad garantizada por Miel Loiseau, sin qu\u00edmicos.\",\"breadcrumb\":{\"@id\":\"https:\/\/mielloiseau.com.ar\/producto\/cera-de-abejas\/#breadcrumb\"},\"inLanguage\":\"en-GB\",\"potentialAction\":[{\"@type\":\"ReadAction\",\"target\":[\"https:\/\/mielloiseau.com.ar\/producto\/cera-de-abejas\/\"]}]},{\"@type\":\"ImageObject\",\"inLanguage\":\"en-GB\",\"@id\":\"https:\/\/mielloiseau.com.ar\/producto\/cera-de-abejas\/#primaryimage\",\"url\":\"https:\/\/mielloiseau.com.ar\/wp-content\/uploads\/2024\/06\/cera-de-abeja.jpg\",\"contentUrl\":\"https:\/\/mielloiseau.com.ar\/wp-content\/uploads\/2024\/06\/cera-de-abeja.jpg\",\"width\":1080,\"height\":1080},{\"@type\":\"BreadcrumbList\",\"@id\":\"https:\/\/mielloiseau.com.ar\/producto\/cera-de-abejas\/#breadcrumb\",\"itemListElement\":[{\"@type\":\"ListItem\",\"position\":1,\"name\":\"Portada\",\"item\":\"https:\/\/mielloiseau.com.ar\/\"},{\"@type\":\"ListItem\",\"position\":2,\"name\":\"Tienda\",\"item\":\"https:\/\/mielloiseau.com.ar\/shop\/\"},{\"@type\":\"ListItem\",\"position\":3,\"name\":\"Cera de Abejas\"}]},{\"@type\":\"WebSite\",\"@id\":\"https:\/\/mielloiseau.com.ar\/#website\",\"url\":\"https:\/\/mielloiseau.com.ar\/\",\"name\":\"Miel Loiseau\",\"description\":\"Permapicultura productiva\",\"publisher\":{\"@id\":\"https:\/\/mielloiseau.com.ar\/#organization\"},\"potentialAction\":[{\"@type\":\"SearchAction\",\"target\":{\"@type\":\"EntryPoint\",\"urlTemplate\":\"https:\/\/mielloiseau.com.ar\/?s={search_term_string}\"},\"query-input\":{\"@type\":\"PropertyValueSpecification\",\"valueRequired\":true,\"valueName\":\"search_term_string\"}}],\"inLanguage\":\"en-GB\"},{\"@type\":\"Organization\",\"@id\":\"https:\/\/mielloiseau.com.ar\/#organization\",\"name\":\"Miel Loiseau\",\"url\":\"https:\/\/mielloiseau.com.ar\/\",\"logo\":{\"@type\":\"ImageObject\",\"inLanguage\":\"en-GB\",\"@id\":\"https:\/\/mielloiseau.com.ar\/#\/schema\/logo\/image\/\",\"url\":\"https:\/\/mielloiseau.com.ar\/wp-content\/uploads\/2024\/05\/pnglogo-1.png\",\"contentUrl\":\"https:\/\/mielloiseau.com.ar\/wp-content\/uploads\/2024\/05\/pnglogo-1.png\",\"width\":356,\"height\":229,\"caption\":\"Miel Loiseau\"},\"image\":{\"@id\":\"https:\/\/mielloiseau.com.ar\/#\/schema\/logo\/image\/\"}}]}<\/script>\n<!-- \/ Yoast SEO plugin. -->","yoast_head_json":{"title":"Cera de Abejas - Miel Loiseau","description":"Cera Virgen: Producto 100% puro y natural, ideal para cosm\u00e9tica, velas y artesan\u00edas. Alta calidad garantizada por Miel Loiseau, sin qu\u00edmicos.","robots":{"index":"index","follow":"follow","max-snippet":"max-snippet:-1","max-image-preview":"max-image-preview:large","max-video-preview":"max-video-preview:-1"},"canonical":"https:\/\/mielloiseau.com.ar\/en\/product\/cera-de-abejas\/","og_locale":"en_GB","og_type":"article","og_title":"Cera de Abejas - Miel Loiseau","og_description":"Cera Virgen: Producto 100% puro y natural, ideal para cosm\u00e9tica, velas y artesan\u00edas. Alta calidad garantizada por Miel Loiseau, sin qu\u00edmicos.","og_url":"https:\/\/mielloiseau.com.ar\/en\/product\/cera-de-abejas\/","og_site_name":"Miel Loiseau","article_modified_time":"2025-09-23T17:22:40+00:00","og_image":[{"width":1080,"height":1080,"url":"https:\/\/mielloiseau.com.ar\/wp-content\/uploads\/2024\/06\/cera-de-abeja.jpg","type":"image\/jpeg"}],"twitter_card":"summary_large_image","twitter_misc":{"Estimated reading time":"1 minute"},"schema":{"@context":"https:\/\/schema.org","@graph":[{"@type":"WebPage","@id":"https:\/\/mielloiseau.com.ar\/producto\/cera-de-abejas\/","url":"https:\/\/mielloiseau.com.ar\/producto\/cera-de-abejas\/","name":"Cera de Abejas - Miel Loiseau","isPartOf":{"@id":"https:\/\/mielloiseau.com.ar\/#website"},"primaryImageOfPage":{"@id":"https:\/\/mielloiseau.com.ar\/producto\/cera-de-abejas\/#primaryimage"},"image":{"@id":"https:\/\/mielloiseau.com.ar\/producto\/cera-de-abejas\/#primaryimage"},"thumbnailUrl":"https:\/\/mielloiseau.com.ar\/wp-content\/uploads\/2024\/06\/cera-de-abeja.jpg","datePublished":"2024-06-04T20:32:56+00:00","dateModified":"2025-09-23T17:22:40+00:00","description":"Cera Virgen: Producto 100% puro y natural, ideal para cosm\u00e9tica, velas y artesan\u00edas. Alta calidad garantizada por Miel Loiseau, sin qu\u00edmicos.","breadcrumb":{"@id":"https:\/\/mielloiseau.com.ar\/producto\/cera-de-abejas\/#breadcrumb"},"inLanguage":"en-GB","potentialAction":[{"@type":"ReadAction","target":["https:\/\/mielloiseau.com.ar\/producto\/cera-de-abejas\/"]}]},{"@type":"ImageObject","inLanguage":"en-GB","@id":"https:\/\/mielloiseau.com.ar\/producto\/cera-de-abejas\/#primaryimage","url":"https:\/\/mielloiseau.com.ar\/wp-content\/uploads\/2024\/06\/cera-de-abeja.jpg","contentUrl":"https:\/\/mielloiseau.com.ar\/wp-content\/uploads\/2024\/06\/cera-de-abeja.jpg","width":1080,"height":1080},{"@type":"BreadcrumbList","@id":"https:\/\/mielloiseau.com.ar\/producto\/cera-de-abejas\/#breadcrumb","itemListElement":[{"@type":"ListItem","position":1,"name":"Portada","item":"https:\/\/mielloiseau.com.ar\/"},{"@type":"ListItem","position":2,"name":"Tienda","item":"https:\/\/mielloiseau.com.ar\/shop\/"},{"@type":"ListItem","position":3,"name":"Cera de Abejas"}]},{"@type":"WebSite","@id":"https:\/\/mielloiseau.com.ar\/#website","url":"https:\/\/mielloiseau.com.ar\/","name":"Honey Loiseau","description":"Permapicultura productiva","publisher":{"@id":"https:\/\/mielloiseau.com.ar\/#organization"},"potentialAction":[{"@type":"SearchAction","target":{"@type":"EntryPoint","urlTemplate":"https:\/\/mielloiseau.com.ar\/?s={search_term_string}"},"query-input":{"@type":"PropertyValueSpecification","valueRequired":true,"valueName":"search_term_string"}}],"inLanguage":"en-GB"},{"@type":"Organization","@id":"https:\/\/mielloiseau.com.ar\/#organization","name":"Honey Loiseau","url":"https:\/\/mielloiseau.com.ar\/","logo":{"@type":"ImageObject","inLanguage":"en-GB","@id":"https:\/\/mielloiseau.com.ar\/#\/schema\/logo\/image\/","url":"https:\/\/mielloiseau.com.ar\/wp-content\/uploads\/2024\/05\/pnglogo-1.png","contentUrl":"https:\/\/mielloiseau.com.ar\/wp-content\/uploads\/2024\/05\/pnglogo-1.png","width":356,"height":229,"caption":"Miel Loiseau"},"image":{"@id":"https:\/\/mielloiseau.com.ar\/#\/schema\/logo\/image\/"}}]}},"_links":{"self":[{"href":"https:\/\/mielloiseau.com.ar\/en\/wp-json\/wp\/v2\/product\/3289","targetHints":{"allow":["GET"]}}],"collection":[{"href":"https:\/\/mielloiseau.com.ar\/en\/wp-json\/wp\/v2\/product"}],"about":[{"href":"https:\/\/mielloiseau.com.ar\/en\/wp-json\/wp\/v2\/types\/product"}],"replies":[{"embeddable":true,"href":"https:\/\/mielloiseau.com.ar\/en\/wp-json\/wp\/v2\/comments?post=3289"}],"wp:featuredmedia":[{"embeddable":true,"href":"https:\/\/mielloiseau.com.ar\/en\/wp-json\/wp\/v2\/media\/3849"}],"wp:attachment":[{"href":"https:\/\/mielloiseau.com.ar\/en\/wp-json\/wp\/v2\/media?parent=3289"}],"wp:term":[{"taxonomy":"product_brand","embeddable":true,"href":"https:\/\/mielloiseau.com.ar\/en\/wp-json\/wp\/v2\/product_brand?post=3289"},{"taxonomy":"product_cat","embeddable":true,"href":"https:\/\/mielloiseau.com.ar\/en\/wp-json\/wp\/v2\/product_cat?post=3289"},{"taxonomy":"product_tag","embeddable":true,"href":"https:\/\/mielloiseau.com.ar\/en\/wp-json\/wp\/v2\/product_tag?post=3289"}],"curies":[{"name":"wp","href":"https:\/\/api.w.org\/{rel}","templated":true}]}}